{"id":88,"date":"2026-01-07T23:57:31","date_gmt":"2026-01-07T22:57:31","guid":{"rendered":"https:\/\/die-faszination-der-eisenbahn.revier.ch\/?page_id=88"},"modified":"2026-01-08T00:06:23","modified_gmt":"2026-01-07T23:06:23","slug":"hochgeschwindigkeits-zuege","status":"publish","type":"page","link":"https:\/\/die-faszination-der-eisenbahn.revier.ch\/it\/hochgeschwindigkeits-zuege\/","title":{"rendered":"Hochgeschwindigkeits Z\u00fcge"},"content":{"rendered":"\n<h2 class=\"wp-block-heading\">Schnel Schneller am Schnellsten<\/h2>\n\n\n\n<p>Die Z\u00fcge, welche einst mit wenigen Kilometern pro Stunde \u00fcber die Schienen dampften, rasen heute mit bis zu 300 km pro Stunde durch die Landschaft.<br>So ist man in k\u00fcrzester Zeit von Z\u00fcrich in Basel oder von Z\u00fcrich in Barcelona.<\/p>\n\n\n\n<h2 class=\"wp-block-heading\">Mit H\u00f6chstgeschwindigkeit durch Italien<\/h2>\n\n\n\n<p>Italien ist sein Hochgeschwindigkeitsnetz am Ausbauen. So startet der <a href=\"https:\/\/italiatren.com\/de\/trains\/milan\/bari\" target=\"_blank\" rel=\"noreferrer noopener\">Frecciarossa von Milano nach Bari<\/a>  f\u00fcr weniger als chf 100. Und das in weniger als 7 Stunden.<\/p>\n\n\n\n<figure class=\"wp-block-image size-full\"><a href=\"https:\/\/www.trenitalia.com\/en\/frecce\/frecciarossa.html\" target=\"_blank\" rel=\" noreferrer noopener\"><img loading=\"lazy\" decoding=\"async\" width=\"640\" height=\"360\" src=\"https:\/\/die-faszination-der-eisenbahn.revier.ch\/wp-content\/uploads\/2026\/01\/image.png\" alt=\"\" class=\"wp-image-90\" srcset=\"https:\/\/die-faszination-der-eisenbahn.revier.ch\/wp-content\/uploads\/2026\/01\/image.png 640w, https:\/\/die-faszination-der-eisenbahn.revier.ch\/wp-content\/uploads\/2026\/01\/image-300x169.png 300w\" sizes=\"auto, (max-width: 640px) 100vw, 640px\" \/><\/a><\/figure>\n","protected":false},"excerpt":{"rendered":"<p>Schnel Schneller am Schnellsten Die Z\u00fcge, welche einst mit wenigen Kilometern pro Stunde \u00fcber die Schienen dampften, rasen heute mit bis zu 300 km pro Stunde durch die Landschaft.So ist man in k\u00fcrzester Zeit von Z\u00fcrich in Basel oder von Z\u00fcrich in Barcelona. Mit H\u00f6chstgeschwindigkeit durch Italien Italien ist sein Hochgeschwindigkeitsnetz am Ausbauen. So startet [&hellip;]<\/p>\n","protected":false},"author":2,"featured_media":0,"parent":0,"menu_order":12,"comment_status":"closed","ping_status":"closed","template":"","meta":{"footnotes":""},"class_list":["post-88","page","type-page","status-publish","hentry"],"yoast_head":"<!-- This site is optimized with the Yoast SEO plugin v26.7 - https:\/\/yoast.com\/wordpress\/plugins\/seo\/ -->\n<title>Hochgeschwindigkeits Z\u00fcge<\/title>\n<meta name=\"description\" content=\"Schnel Schneller am Schnellsten Die Z\u00fcge, welche einst mit wenigen Kilometern pro Stunde \u00fcber die Schienen dampften, rasen heute mit bis zu 300 km pro Stunde durch die Landschaft.So ist man in k\u00fcrzester Zeit von Z\u00fcrich in Basel oder von Z\u00fcrich in Barcelona. Mit H\u00f6chstgeschwindigkeit durch Italien Italien ist sein Hochgeschwindigkeitsnetz am Ausbauen. So startet&hellip;\" \/>\n<meta name=\"robots\" content=\"index, follow, max-snippet:-1, max-image-preview:large, max-video-preview:-1\" \/>\n<link rel=\"canonical\" href=\"http:\/\/Schnel%20Schneller%20am%20Schnellsten%20Die%20Z\u00fcge,%20welche%20einst%20mit%20wenigen%20Kilometern%20pro%20Stunde%20\u00fcber%20die%20Schienen%20dampften,%20rasen%20heute%20mit%20bis%20zu%20300%20km%20pro%20Stunde%20durch%20die%20Landschaft.So%20ist%20man%20in%20k\u00fcrzester%20Zeit%20von%20Z\u00fcrich%20in%20Basel%20oder%20von%20Z\u00fcrich%20in%20Barcelona.%20Mit%20H\u00f6chstgeschwindigkeit%20durch%20Italien%20Italien%20ist%20sein%20Hochgeschwindigkeitsnetz%20am%20Ausbauen.%20So%20startet&hellip;\" \/>\n<meta property=\"og:locale\" content=\"it_IT\" \/>\n<meta property=\"og:type\" content=\"article\" \/>\n<meta property=\"og:title\" content=\"Hochgeschwindigkeits Z\u00fcge\" \/>\n<meta property=\"og:description\" content=\"Schnel Schneller am Schnellsten Die Z\u00fcge, welche einst mit wenigen Kilometern pro Stunde \u00fcber die Schienen dampften, rasen heute mit bis zu 300 km pro Stunde durch die Landschaft.So ist man in k\u00fcrzester Zeit von Z\u00fcrich in Basel oder von Z\u00fcrich in Barcelona. Mit H\u00f6chstgeschwindigkeit durch Italien Italien ist sein Hochgeschwindigkeitsnetz am Ausbauen. So startet&hellip;\" \/>\n<meta property=\"og:url\" content=\"https:\/\/die-faszination-der-eisenbahn.revier.ch\/it\/hochgeschwindigkeits-zuege\/\" \/>\n<meta property=\"og:site_name\" content=\"Faszination Eisenbahn\" \/>\n<meta property=\"article:modified_time\" content=\"2026-01-07T23:06:23+00:00\" \/>\n<meta property=\"og:image\" content=\"https:\/\/die-faszination-der-eisenbahn.revier.ch\/wp-content\/uploads\/2026\/01\/image.png\" \/>\n\t<meta property=\"og:image:width\" content=\"640\" \/>\n\t<meta property=\"og:image:height\" content=\"360\" \/>\n\t<meta property=\"og:image:type\" content=\"image\/png\" \/>\n<meta name=\"twitter:card\" content=\"summary_large_image\" \/>\n<meta name=\"twitter:label1\" content=\"Tempo di lettura stimato\" \/>\n\t<meta name=\"twitter:data1\" content=\"1 minuto\" \/>\n<script type=\"application\/ld+json\" class=\"yoast-schema-graph\">{\"@context\":\"https:\/\/schema.org\",\"@graph\":[{\"@type\":\"WebPage\",\"@id\":\"https:\/\/die-faszination-der-eisenbahn.revier.ch\/it\/hochgeschwindigkeits-zuege\/\",\"url\":\"https:\/\/die-faszination-der-eisenbahn.revier.ch\/it\/hochgeschwindigkeits-zuege\/\",\"name\":\"Hochgeschwindigkeits Z\u00fcge - Faszination Eisenbahn\",\"isPartOf\":{\"@id\":\"https:\/\/die-faszination-der-eisenbahn.revier.ch\/#website\"},\"primaryImageOfPage\":{\"@id\":\"https:\/\/die-faszination-der-eisenbahn.revier.ch\/it\/hochgeschwindigkeits-zuege\/#primaryimage\"},\"image\":{\"@id\":\"https:\/\/die-faszination-der-eisenbahn.revier.ch\/it\/hochgeschwindigkeits-zuege\/#primaryimage\"},\"thumbnailUrl\":\"https:\/\/die-faszination-der-eisenbahn.revier.ch\/wp-content\/uploads\/2026\/01\/image.png\",\"datePublished\":\"2026-01-07T22:57:31+00:00\",\"dateModified\":\"2026-01-07T23:06:23+00:00\",\"breadcrumb\":{\"@id\":\"https:\/\/die-faszination-der-eisenbahn.revier.ch\/it\/hochgeschwindigkeits-zuege\/#breadcrumb\"},\"inLanguage\":\"it-IT\",\"potentialAction\":[{\"@type\":\"ReadAction\",\"target\":[\"https:\/\/die-faszination-der-eisenbahn.revier.ch\/it\/hochgeschwindigkeits-zuege\/\"]}]},{\"@type\":\"ImageObject\",\"inLanguage\":\"it-IT\",\"@id\":\"https:\/\/die-faszination-der-eisenbahn.revier.ch\/it\/hochgeschwindigkeits-zuege\/#primaryimage\",\"url\":\"https:\/\/die-faszination-der-eisenbahn.revier.ch\/wp-content\/uploads\/2026\/01\/image.png\",\"contentUrl\":\"https:\/\/die-faszination-der-eisenbahn.revier.ch\/wp-content\/uploads\/2026\/01\/image.png\"},{\"@type\":\"BreadcrumbList\",\"@id\":\"https:\/\/die-faszination-der-eisenbahn.revier.ch\/it\/hochgeschwindigkeits-zuege\/#breadcrumb\",\"itemListElement\":[{\"@type\":\"ListItem\",\"position\":1,\"name\":\"Die Faszination der Eisenbahn\",\"item\":\"https:\/\/die-faszination-der-eisenbahn.revier.ch\/\"},{\"@type\":\"ListItem\",\"position\":2,\"name\":\"Hochgeschwindigkeits Z\u00fcge\"}]},{\"@type\":\"WebSite\",\"@id\":\"https:\/\/die-faszination-der-eisenbahn.revier.ch\/it\/#website\",\"url\":\"https:\/\/die-faszination-der-eisenbahn.revier.ch\/it\/\",\"name\":\"die-faszination-der-eisenbahn\",\"description\":\"Faszination Eisenbahn\",\"potentialAction\":[{\"@type\":\"SearchAction\",\"target\":{\"@type\":\"EntryPoint\",\"urlTemplate\":\"https:\/\/die-faszination-der-eisenbahn.revier.ch\/it\/?s={search_term_string}\"},\"query-input\":{\"@type\":\"PropertyValueSpecification\",\"valueRequired\":true,\"valueName\":\"search_term_string\"}}],\"inLanguage\":\"it-IT\"}]}<\/script>\n<!-- \/ Yoast SEO plugin. -->","yoast_head_json":{"title":"Hochgeschwindigkeits Z\u00fcge","description":"Schnel Schneller am Schnellsten Die Z\u00fcge, welche einst mit wenigen Kilometern pro Stunde \u00fcber die Schienen dampften, rasen heute mit bis zu 300 km pro Stunde durch die Landschaft.So ist man in k\u00fcrzester Zeit von Z\u00fcrich in Basel oder von Z\u00fcrich in Barcelona. Mit H\u00f6chstgeschwindigkeit durch Italien Italien ist sein Hochgeschwindigkeitsnetz am Ausbauen. So startet&hellip;","robots":{"index":"index","follow":"follow","max-snippet":"max-snippet:-1","max-image-preview":"max-image-preview:large","max-video-preview":"max-video-preview:-1"},"canonical":"Schnel Schneller am Schnellsten Die Z\u00fcge, welche einst mit wenigen Kilometern pro Stunde \u00fcber die Schienen dampften, rasen heute mit bis zu 300 km pro Stunde durch die Landschaft.So ist man in k\u00fcrzester Zeit von Z\u00fcrich in Basel oder von Z\u00fcrich in Barcelona. Mit H\u00f6chstgeschwindigkeit durch Italien Italien ist sein Hochgeschwindigkeitsnetz am Ausbauen. So startet&hellip;","og_locale":"it_IT","og_type":"article","og_title":"Hochgeschwindigkeits Z\u00fcge","og_description":"Schnel Schneller am Schnellsten Die Z\u00fcge, welche einst mit wenigen Kilometern pro Stunde \u00fcber die Schienen dampften, rasen heute mit bis zu 300 km pro Stunde durch die Landschaft.So ist man in k\u00fcrzester Zeit von Z\u00fcrich in Basel oder von Z\u00fcrich in Barcelona. Mit H\u00f6chstgeschwindigkeit durch Italien Italien ist sein Hochgeschwindigkeitsnetz am Ausbauen. So startet&hellip;","og_url":"https:\/\/die-faszination-der-eisenbahn.revier.ch\/it\/hochgeschwindigkeits-zuege\/","og_site_name":"Faszination Eisenbahn","article_modified_time":"2026-01-07T23:06:23+00:00","og_image":[{"width":640,"height":360,"url":"https:\/\/die-faszination-der-eisenbahn.revier.ch\/wp-content\/uploads\/2026\/01\/image.png","type":"image\/png"}],"twitter_card":"summary_large_image","twitter_misc":{"Tempo di lettura stimato":"1 minuto"},"schema":{"@context":"https:\/\/schema.org","@graph":[{"@type":"WebPage","@id":"https:\/\/die-faszination-der-eisenbahn.revier.ch\/it\/hochgeschwindigkeits-zuege\/","url":"https:\/\/die-faszination-der-eisenbahn.revier.ch\/it\/hochgeschwindigkeits-zuege\/","name":"Hochgeschwindigkeits Z\u00fcge - Faszination Eisenbahn","isPartOf":{"@id":"https:\/\/die-faszination-der-eisenbahn.revier.ch\/#website"},"primaryImageOfPage":{"@id":"https:\/\/die-faszination-der-eisenbahn.revier.ch\/it\/hochgeschwindigkeits-zuege\/#primaryimage"},"image":{"@id":"https:\/\/die-faszination-der-eisenbahn.revier.ch\/it\/hochgeschwindigkeits-zuege\/#primaryimage"},"thumbnailUrl":"https:\/\/die-faszination-der-eisenbahn.revier.ch\/wp-content\/uploads\/2026\/01\/image.png","datePublished":"2026-01-07T22:57:31+00:00","dateModified":"2026-01-07T23:06:23+00:00","breadcrumb":{"@id":"https:\/\/die-faszination-der-eisenbahn.revier.ch\/it\/hochgeschwindigkeits-zuege\/#breadcrumb"},"inLanguage":"it-IT","potentialAction":[{"@type":"ReadAction","target":["https:\/\/die-faszination-der-eisenbahn.revier.ch\/it\/hochgeschwindigkeits-zuege\/"]}]},{"@type":"ImageObject","inLanguage":"it-IT","@id":"https:\/\/die-faszination-der-eisenbahn.revier.ch\/it\/hochgeschwindigkeits-zuege\/#primaryimage","url":"https:\/\/die-faszination-der-eisenbahn.revier.ch\/wp-content\/uploads\/2026\/01\/image.png","contentUrl":"https:\/\/die-faszination-der-eisenbahn.revier.ch\/wp-content\/uploads\/2026\/01\/image.png"},{"@type":"BreadcrumbList","@id":"https:\/\/die-faszination-der-eisenbahn.revier.ch\/it\/hochgeschwindigkeits-zuege\/#breadcrumb","itemListElement":[{"@type":"ListItem","position":1,"name":"Die Faszination der Eisenbahn","item":"https:\/\/die-faszination-der-eisenbahn.revier.ch\/"},{"@type":"ListItem","position":2,"name":"Hochgeschwindigkeits Z\u00fcge"}]},{"@type":"WebSite","@id":"https:\/\/die-faszination-der-eisenbahn.revier.ch\/it\/#website","url":"https:\/\/die-faszination-der-eisenbahn.revier.ch\/it\/","name":"die-faszination-der-eisenbahn","description":"Faszination Eisenbahn","potentialAction":[{"@type":"SearchAction","target":{"@type":"EntryPoint","urlTemplate":"https:\/\/die-faszination-der-eisenbahn.revier.ch\/it\/?s={search_term_string}"},"query-input":{"@type":"PropertyValueSpecification","valueRequired":true,"valueName":"search_term_string"}}],"inLanguage":"it-IT"}]}},"_links":{"self":[{"href":"https:\/\/die-faszination-der-eisenbahn.revier.ch\/it\/wp-json\/wp\/v2\/pages\/88","targetHints":{"allow":["GET"]}}],"collection":[{"href":"https:\/\/die-faszination-der-eisenbahn.revier.ch\/it\/wp-json\/wp\/v2\/pages"}],"about":[{"href":"https:\/\/die-faszination-der-eisenbahn.revier.ch\/it\/wp-json\/wp\/v2\/types\/page"}],"author":[{"embeddable":true,"href":"https:\/\/die-faszination-der-eisenbahn.revier.ch\/it\/wp-json\/wp\/v2\/users\/2"}],"replies":[{"embeddable":true,"href":"https:\/\/die-faszination-der-eisenbahn.revier.ch\/it\/wp-json\/wp\/v2\/comments?post=88"}],"version-history":[{"count":4,"href":"https:\/\/die-faszination-der-eisenbahn.revier.ch\/it\/wp-json\/wp\/v2\/pages\/88\/revisions"}],"predecessor-version":[{"id":95,"href":"https:\/\/die-faszination-der-eisenbahn.revier.ch\/it\/wp-json\/wp\/v2\/pages\/88\/revisions\/95"}],"wp:attachment":[{"href":"https:\/\/die-faszination-der-eisenbahn.revier.ch\/it\/wp-json\/wp\/v2\/media?parent=88"}],"curies":[{"name":"wp","href":"https:\/\/api.w.org\/{rel}","templated":true}]}}