{"id":32,"date":"2026-01-07T04:25:03","date_gmt":"2026-01-07T03:25:03","guid":{"rendered":"https:\/\/die-faszination-der-eisenbahn.revier.ch\/?page_id=32"},"modified":"2026-01-07T05:27:28","modified_gmt":"2026-01-07T04:27:28","slug":"fob-furka-oberalp-bahn","status":"publish","type":"page","link":"https:\/\/die-faszination-der-eisenbahn.revier.ch\/it\/gesellschaften\/fob-furka-oberalp-bahn\/","title":{"rendered":"FOB Furka Oberalp Bahn"},"content":{"rendered":"\n<p>Eine besondere Faszination der Eisenbahn ist die Furka Oberalp Bahn. Der Betrieb der FOB wurde 2002 leider eingestellt. Dennoch gibt es in vielen Menschen, sehr gute Erinnerungen an die vielen Kurven auf der 100&nbsp;km langen, meterbreiten Strecke.<\/p>\n\n\n\n<p>Der 1914 gestartete Bau wurde durch den Krieg stark verz\u00f6gert und endete erst 10 Jahre sp\u00e4ter 1925. Dies ist auch darauf zur\u00fcck zu f\u00fchren, dass auf \u00fcber 2000 Metern H\u00f6he die Bausaison oft lediglich 3-4 Monate pro Jahr betrug.<\/p>\n\n\n\n<p>Es mussten \u00fcber 30 Tunnels gebaut werden. Darunter der Furka-Scheiteltunnel mit einer L\u00e4nge von 1&#8242;\u00a0&#8216;874\u00a0Metern. Ettliche Kehrtunells um die H\u00f6he zu \u00fcberwinden.<\/p>\n\n\n\n<p>St\u00fctzmauern und Viadukte schaffen auch heute noch eine Faszination der Eisenbahn.<\/p>\n\n\n\n<p>Besonders der h\u00f6chste Punkt auf dem 2&#8217;160 Meter \u00fcber Meer liegenden Furkapass ist eine Attraktion.<\/p>\n\n\n\n<p>Die hohen Unterhaltskosten der FOB f\u00fchrten zum Bau des Furka-Basistunnels im Jahr 1982.<\/p>\n\n\n\n<p>Die Bergstrecke wird heute als Museumsbahn mit Dampflokomotiven betrieben.<\/p>\n\n\n\n<p>Es ist kein Museum hinter Glas. Sondern eine lebendige Dampfbahn in einer spektakul\u00e4ren alpinen Landschaft.<br>Vorbei am schmelzenden Rohnegletscher und durch engste Schluchten hindurch.<br>Geniessen Sie besonders die langsame Fahrt mit den <strong>originalen Dampflokomotiven<\/strong> wie z. B. der HG 3\/4 und anderen.<\/p>\n\n\n\n<p>Es ist Technik zum Anfassen, wenn die Dampflokomotiven unterwegs zum Wasserfassen anhalten.<\/p>\n","protected":false},"excerpt":{"rendered":"<p>Eine besondere Faszination der Eisenbahn ist die Furka Oberalp Bahn. Der Betrieb der FOB wurde 2002 leider eingestellt. Dennoch gibt es in vielen Menschen, sehr gute Erinnerungen an die vielen Kurven auf der 100&nbsp;km langen, meterbreiten Strecke. Der 1914 gestartete Bau wurde durch den Krieg stark verz\u00f6gert und endete erst 10 Jahre sp\u00e4ter 1925. Dies [&hellip;]<\/p>\n","protected":false},"author":2,"featured_media":0,"parent":29,"menu_order":1,"comment_status":"closed","ping_status":"closed","template":"","meta":{"footnotes":""},"class_list":["post-32","page","type-page","status-publish","hentry"],"yoast_head":"<!-- This site is optimized with the Yoast SEO plugin v26.7 - https:\/\/yoast.com\/wordpress\/plugins\/seo\/ -->\n<title>FOB Furka Oberalp Bahn<\/title>\n<meta name=\"description\" content=\"Faszination Eisenbahn bei FOB, der Furka Oberalp Bahn. Teilen Sie die Faszination dieser gigantischen Bergstrecke.\" \/>\n<meta name=\"robots\" content=\"index, follow, max-snippet:-1, max-image-preview:large, max-video-preview:-1\" \/>\n<link rel=\"canonical\" href=\"http:\/\/Eine%20besondere%20Faszination%20der%20Eisenbahn%20ist%20die%20Furka%20Oberalp%20Bahn.%20Der%20Betrieb%20der%20FOB%20wurde%202002%20leider%20eingestellt.%20Dennoch%20gibt%20es%20in%20vielen%20Menschen,%20sehr%20gute%20Erinnerungen%20an%20die%20vielen%20Kurven%20auf%20der%20100&nbsp;km%20langen,%20meterbreiten%20Strecke.%20Der%201914%20gestartete%20Bau%20wurde%20durch%20den%20Krieg%20stark%20verz\u00f6gert%20und%20endete%20erst%2010%20Jahre%20sp\u00e4ter%201925.%20Dies&hellip;\" \/>\n<meta property=\"og:locale\" content=\"it_IT\" \/>\n<meta property=\"og:type\" content=\"article\" \/>\n<meta property=\"og:title\" content=\"FOB Furka Oberalp Bahn\" \/>\n<meta property=\"og:description\" content=\"Faszination Eisenbahn bei FOB, der Furka Oberalp Bahn. Teilen Sie die Faszination dieser gigantischen Bergstrecke.\" \/>\n<meta property=\"og:url\" content=\"https:\/\/die-faszination-der-eisenbahn.revier.ch\/it\/gesellschaften\/fob-furka-oberalp-bahn\/\" \/>\n<meta property=\"og:site_name\" content=\"Faszination Eisenbahn\" \/>\n<meta property=\"article:modified_time\" content=\"2026-01-07T04:27:28+00:00\" \/>\n<meta name=\"twitter:card\" content=\"summary_large_image\" \/>\n<meta name=\"twitter:label1\" content=\"Tempo di lettura stimato\" \/>\n\t<meta name=\"twitter:data1\" content=\"2 minuti\" \/>\n<script type=\"application\/ld+json\" class=\"yoast-schema-graph\">{\"@context\":\"https:\/\/schema.org\",\"@graph\":[{\"@type\":\"WebPage\",\"@id\":\"https:\/\/die-faszination-der-eisenbahn.revier.ch\/it\/gesellschaften\/fob-furka-oberalp-bahn\/\",\"url\":\"https:\/\/die-faszination-der-eisenbahn.revier.ch\/it\/gesellschaften\/fob-furka-oberalp-bahn\/\",\"name\":\"FOB Furka Oberalp Bahn - Faszination Eisenbahn\",\"isPartOf\":{\"@id\":\"https:\/\/die-faszination-der-eisenbahn.revier.ch\/#website\"},\"datePublished\":\"2026-01-07T03:25:03+00:00\",\"dateModified\":\"2026-01-07T04:27:28+00:00\",\"description\":\"Faszination Eisenbahn bei FOB, der Furka Oberalp Bahn. Teilen Sie die Faszination dieser gigantischen Bergstrecke.\",\"breadcrumb\":{\"@id\":\"https:\/\/die-faszination-der-eisenbahn.revier.ch\/it\/gesellschaften\/fob-furka-oberalp-bahn\/#breadcrumb\"},\"inLanguage\":\"it-IT\",\"potentialAction\":[{\"@type\":\"ReadAction\",\"target\":[\"https:\/\/die-faszination-der-eisenbahn.revier.ch\/it\/gesellschaften\/fob-furka-oberalp-bahn\/\"]}]},{\"@type\":\"BreadcrumbList\",\"@id\":\"https:\/\/die-faszination-der-eisenbahn.revier.ch\/it\/gesellschaften\/fob-furka-oberalp-bahn\/#breadcrumb\",\"itemListElement\":[{\"@type\":\"ListItem\",\"position\":1,\"name\":\"Die Faszination der Eisenbahn\",\"item\":\"https:\/\/die-faszination-der-eisenbahn.revier.ch\/\"},{\"@type\":\"ListItem\",\"position\":2,\"name\":\"Gesellschaften\",\"item\":\"https:\/\/die-faszination-der-eisenbahn.revier.ch\/gesellschaften\/\"},{\"@type\":\"ListItem\",\"position\":3,\"name\":\"FOB Furka Oberalp Bahn\"}]},{\"@type\":\"WebSite\",\"@id\":\"https:\/\/die-faszination-der-eisenbahn.revier.ch\/it\/#website\",\"url\":\"https:\/\/die-faszination-der-eisenbahn.revier.ch\/it\/\",\"name\":\"die-faszination-der-eisenbahn\",\"description\":\"Faszination Eisenbahn\",\"potentialAction\":[{\"@type\":\"SearchAction\",\"target\":{\"@type\":\"EntryPoint\",\"urlTemplate\":\"https:\/\/die-faszination-der-eisenbahn.revier.ch\/it\/?s={search_term_string}\"},\"query-input\":{\"@type\":\"PropertyValueSpecification\",\"valueRequired\":true,\"valueName\":\"search_term_string\"}}],\"inLanguage\":\"it-IT\"}]}<\/script>\n<!-- \/ Yoast SEO plugin. -->","yoast_head_json":{"title":"FOB Furka Oberalp Bahn","description":"Faszination Eisenbahn bei FOB, der Furka Oberalp Bahn. Teilen Sie die Faszination dieser gigantischen Bergstrecke.","robots":{"index":"index","follow":"follow","max-snippet":"max-snippet:-1","max-image-preview":"max-image-preview:large","max-video-preview":"max-video-preview:-1"},"canonical":"Eine besondere Faszination der Eisenbahn ist die Furka Oberalp Bahn. Der Betrieb der FOB wurde 2002 leider eingestellt. Dennoch gibt es in vielen Menschen, sehr gute Erinnerungen an die vielen Kurven auf der 100&nbsp;km langen, meterbreiten Strecke. Der 1914 gestartete Bau wurde durch den Krieg stark verz\u00f6gert und endete erst 10 Jahre sp\u00e4ter 1925. Dies&hellip;","og_locale":"it_IT","og_type":"article","og_title":"FOB Furka Oberalp Bahn","og_description":"Faszination Eisenbahn bei FOB, der Furka Oberalp Bahn. Teilen Sie die Faszination dieser gigantischen Bergstrecke.","og_url":"https:\/\/die-faszination-der-eisenbahn.revier.ch\/it\/gesellschaften\/fob-furka-oberalp-bahn\/","og_site_name":"Faszination Eisenbahn","article_modified_time":"2026-01-07T04:27:28+00:00","twitter_card":"summary_large_image","twitter_misc":{"Tempo di lettura stimato":"2 minuti"},"schema":{"@context":"https:\/\/schema.org","@graph":[{"@type":"WebPage","@id":"https:\/\/die-faszination-der-eisenbahn.revier.ch\/it\/gesellschaften\/fob-furka-oberalp-bahn\/","url":"https:\/\/die-faszination-der-eisenbahn.revier.ch\/it\/gesellschaften\/fob-furka-oberalp-bahn\/","name":"FOB Furka Oberalp Bahn - Faszination Eisenbahn","isPartOf":{"@id":"https:\/\/die-faszination-der-eisenbahn.revier.ch\/#website"},"datePublished":"2026-01-07T03:25:03+00:00","dateModified":"2026-01-07T04:27:28+00:00","description":"Faszination Eisenbahn bei FOB, der Furka Oberalp Bahn. Teilen Sie die Faszination dieser gigantischen Bergstrecke.","breadcrumb":{"@id":"https:\/\/die-faszination-der-eisenbahn.revier.ch\/it\/gesellschaften\/fob-furka-oberalp-bahn\/#breadcrumb"},"inLanguage":"it-IT","potentialAction":[{"@type":"ReadAction","target":["https:\/\/die-faszination-der-eisenbahn.revier.ch\/it\/gesellschaften\/fob-furka-oberalp-bahn\/"]}]},{"@type":"BreadcrumbList","@id":"https:\/\/die-faszination-der-eisenbahn.revier.ch\/it\/gesellschaften\/fob-furka-oberalp-bahn\/#breadcrumb","itemListElement":[{"@type":"ListItem","position":1,"name":"Die Faszination der Eisenbahn","item":"https:\/\/die-faszination-der-eisenbahn.revier.ch\/"},{"@type":"ListItem","position":2,"name":"Gesellschaften","item":"https:\/\/die-faszination-der-eisenbahn.revier.ch\/gesellschaften\/"},{"@type":"ListItem","position":3,"name":"FOB Furka Oberalp Bahn"}]},{"@type":"WebSite","@id":"https:\/\/die-faszination-der-eisenbahn.revier.ch\/it\/#website","url":"https:\/\/die-faszination-der-eisenbahn.revier.ch\/it\/","name":"die-faszination-der-eisenbahn","description":"Faszination Eisenbahn","potentialAction":[{"@type":"SearchAction","target":{"@type":"EntryPoint","urlTemplate":"https:\/\/die-faszination-der-eisenbahn.revier.ch\/it\/?s={search_term_string}"},"query-input":{"@type":"PropertyValueSpecification","valueRequired":true,"valueName":"search_term_string"}}],"inLanguage":"it-IT"}]}},"_links":{"self":[{"href":"https:\/\/die-faszination-der-eisenbahn.revier.ch\/it\/wp-json\/wp\/v2\/pages\/32","targetHints":{"allow":["GET"]}}],"collection":[{"href":"https:\/\/die-faszination-der-eisenbahn.revier.ch\/it\/wp-json\/wp\/v2\/pages"}],"about":[{"href":"https:\/\/die-faszination-der-eisenbahn.revier.ch\/it\/wp-json\/wp\/v2\/types\/page"}],"author":[{"embeddable":true,"href":"https:\/\/die-faszination-der-eisenbahn.revier.ch\/it\/wp-json\/wp\/v2\/users\/2"}],"replies":[{"embeddable":true,"href":"https:\/\/die-faszination-der-eisenbahn.revier.ch\/it\/wp-json\/wp\/v2\/comments?post=32"}],"version-history":[{"count":4,"href":"https:\/\/die-faszination-der-eisenbahn.revier.ch\/it\/wp-json\/wp\/v2\/pages\/32\/revisions"}],"predecessor-version":[{"id":75,"href":"https:\/\/die-faszination-der-eisenbahn.revier.ch\/it\/wp-json\/wp\/v2\/pages\/32\/revisions\/75"}],"up":[{"embeddable":true,"href":"https:\/\/die-faszination-der-eisenbahn.revier.ch\/it\/wp-json\/wp\/v2\/pages\/29"}],"wp:attachment":[{"href":"https:\/\/die-faszination-der-eisenbahn.revier.ch\/it\/wp-json\/wp\/v2\/media?parent=32"}],"curies":[{"name":"wp","href":"https:\/\/api.w.org\/{rel}","templated":true}]}}