{"id":6,"date":"2023-10-18T07:17:17","date_gmt":"2023-10-18T07:17:17","guid":{"rendered":"https:\/\/die-faszination-der-eisenbahn.revier.ch\/?page_id=6"},"modified":"2026-01-08T00:07:15","modified_gmt":"2026-01-07T23:07:15","slug":"die-faszination-der-eisenbahn","status":"publish","type":"page","link":"https:\/\/die-faszination-der-eisenbahn.revier.ch\/en\/","title":{"rendered":"Die Faszination der Eisenbahn"},"content":{"rendered":"\n<h2 class=\"wp-block-heading\">Herzlich willkommen<\/h2>\n\n\n\n<p>Es gibt verschiedene Gr\u00fcnde, warum die Menschen mit der Eisenbahn fahren. F\u00fcr viele ist es die Faszination der Eisenbahn welche sie reizt. F\u00fcr andere ist es einfach Mittel zum Zweck.<\/p>\n\n\n\n<h2 class=\"wp-block-heading\">Einblicke in die Eisenbahn<\/h2>\n\n\n\n<p>Auf dieser Seite will ich gerne ein paar Einblicke in die Welt der Eisenbahn geben.<\/p>\n\n\n\n<ul class=\"wp-block-list\">\n<li>finden Sie die sch\u00f6nsten Eisenbahnstrecken in der Schweiz.<\/li>\n\n\n\n<li>Spannende Anl\u00e4sse im Zusammenhang mit der Eisenbahn.<\/li>\n<\/ul>\n\n\n\n<p>Wissenswertes \u00fcber die Eisenbahn. Zum Beispiel, dass die Eisenbahn in der Schweiz, nicht nur die SBB ist. Es gibt noch viele andere Gesellschaften. Zum Beispiel <\/p>\n\n\n\n<ul class=\"wp-block-list\">\n<li>SOB, S\u00fcdost Bahn.<\/li>\n\n\n\n<li>FOB, Furka Oberalp Bahn<\/li>\n\n\n\n<li>BLS AG<\/li>\n\n\n\n<li>RhB die Rh\u00e4tische Bahn<\/li>\n\n\n\n<li>MGB Matterhorn Gotthard Bahn<\/li>\n\n\n\n<li>Forch Bahn<\/li>\n<\/ul>\n","protected":false},"excerpt":{"rendered":"<p>Herzlich willkommen Es gibt verschiedene Gr\u00fcnde, warum die Menschen mit der Eisenbahn fahren. F\u00fcr viele ist es die Faszination der Eisenbahn welche sie reizt. F\u00fcr andere ist es einfach Mittel zum Zweck. Einblicke in die Eisenbahn Auf dieser Seite will ich gerne ein paar Einblicke in die Welt der Eisenbahn geben. finden Sie die sch\u00f6nsten [&hellip;]<\/p>\n","protected":false},"author":2,"featured_media":0,"parent":0,"menu_order":5,"comment_status":"closed","ping_status":"closed","template":"","meta":{"footnotes":""},"class_list":["post-6","page","type-page","status-publish","hentry"],"yoast_head":"<!-- This site is optimized with the Yoast SEO plugin v26.7 - https:\/\/yoast.com\/wordpress\/plugins\/seo\/ -->\n<title>Die Faszination der Eisenbahn<\/title>\n<meta name=\"description\" content=\"Herzlich willkommen Es gibt verschiedene Gr\u00fcnde, warum die Menschen mit der Eisenbahn fahren. F\u00fcr viele ist es die Faszination der Eisenbahn welche sie reizt. F\u00fcr andere ist es einfach Mittel zum Zweck. Einblicke in die Eisenbahn Auf dieser Seite will ich gerne ein paar Einblicke in die Welt der Eisenbahn geben. finden Sie die sch\u00f6nsten&hellip;\" \/>\n<meta name=\"robots\" content=\"index, follow, max-snippet:-1, max-image-preview:large, max-video-preview:-1\" \/>\n<link rel=\"canonical\" href=\"http:\/\/Herzlich%20willkommen%20Es%20gibt%20verschiedene%20Gr\u00fcnde,%20warum%20die%20Menschen%20mit%20der%20Eisenbahn%20fahren.%20F\u00fcr%20viele%20ist%20es%20die%20Faszination%20der%20Eisenbahn%20welche%20sie%20reizt.%20F\u00fcr%20andere%20ist%20es%20einfach%20Mittel%20zum%20Zweck.%20Einblicke%20in%20die%20Eisenbahn%20Auf%20dieser%20Seite%20will%20ich%20gerne%20ein%20paar%20Einblicke%20in%20die%20Welt%20der%20Eisenbahn%20geben.%20finden%20Sie%20die%20sch\u00f6nsten&hellip;\" \/>\n<meta property=\"og:locale\" content=\"en_US\" \/>\n<meta property=\"og:type\" content=\"article\" \/>\n<meta property=\"og:title\" content=\"Die Faszination der Eisenbahn\" \/>\n<meta property=\"og:description\" content=\"Herzlich willkommen Es gibt verschiedene Gr\u00fcnde, warum die Menschen mit der Eisenbahn fahren. F\u00fcr viele ist es die Faszination der Eisenbahn welche sie reizt. F\u00fcr andere ist es einfach Mittel zum Zweck. Einblicke in die Eisenbahn Auf dieser Seite will ich gerne ein paar Einblicke in die Welt der Eisenbahn geben. finden Sie die sch\u00f6nsten&hellip;\" \/>\n<meta property=\"og:url\" content=\"https:\/\/die-faszination-der-eisenbahn.revier.ch\/en\/\" \/>\n<meta property=\"og:site_name\" content=\"Faszination Eisenbahn\" \/>\n<meta property=\"article:modified_time\" content=\"2026-01-07T23:07:15+00:00\" \/>\n<meta name=\"twitter:card\" content=\"summary_large_image\" \/>\n<meta name=\"twitter:label1\" content=\"Est. reading time\" \/>\n\t<meta name=\"twitter:data1\" content=\"1 minute\" \/>\n<script type=\"application\/ld+json\" class=\"yoast-schema-graph\">{\"@context\":\"https:\/\/schema.org\",\"@graph\":[{\"@type\":\"WebPage\",\"@id\":\"https:\/\/die-faszination-der-eisenbahn.revier.ch\/en\/\",\"url\":\"https:\/\/die-faszination-der-eisenbahn.revier.ch\/en\/\",\"name\":\"Die Faszination der Eisenbahn - Faszination Eisenbahn\",\"isPartOf\":{\"@id\":\"https:\/\/die-faszination-der-eisenbahn.revier.ch\/#website\"},\"datePublished\":\"2023-10-18T07:17:17+00:00\",\"dateModified\":\"2026-01-07T23:07:15+00:00\",\"breadcrumb\":{\"@id\":\"https:\/\/die-faszination-der-eisenbahn.revier.ch\/en\/#breadcrumb\"},\"inLanguage\":\"en-US\",\"potentialAction\":[{\"@type\":\"ReadAction\",\"target\":[\"https:\/\/die-faszination-der-eisenbahn.revier.ch\/en\/\"]}]},{\"@type\":\"BreadcrumbList\",\"@id\":\"https:\/\/die-faszination-der-eisenbahn.revier.ch\/en\/#breadcrumb\",\"itemListElement\":[{\"@type\":\"ListItem\",\"position\":1,\"name\":\"Die Faszination der Eisenbahn\",\"item\":\"https:\/\/die-faszination-der-eisenbahn.revier.ch\/\"},{\"@type\":\"ListItem\",\"position\":2,\"name\":\"Die Faszination der Eisenbahn\"}]},{\"@type\":\"WebSite\",\"@id\":\"https:\/\/die-faszination-der-eisenbahn.revier.ch\/en\/#website\",\"url\":\"https:\/\/die-faszination-der-eisenbahn.revier.ch\/en\/\",\"name\":\"die-faszination-der-eisenbahn\",\"description\":\"Faszination Eisenbahn\",\"potentialAction\":[{\"@type\":\"SearchAction\",\"target\":{\"@type\":\"EntryPoint\",\"urlTemplate\":\"https:\/\/die-faszination-der-eisenbahn.revier.ch\/en\/?s={search_term_string}\"},\"query-input\":{\"@type\":\"PropertyValueSpecification\",\"valueRequired\":true,\"valueName\":\"search_term_string\"}}],\"inLanguage\":\"en-US\"}]}<\/script>\n<!-- \/ Yoast SEO plugin. -->","yoast_head_json":{"title":"Die Faszination der Eisenbahn","description":"Herzlich willkommen Es gibt verschiedene Gr\u00fcnde, warum die Menschen mit der Eisenbahn fahren. F\u00fcr viele ist es die Faszination der Eisenbahn welche sie reizt. F\u00fcr andere ist es einfach Mittel zum Zweck. Einblicke in die Eisenbahn Auf dieser Seite will ich gerne ein paar Einblicke in die Welt der Eisenbahn geben. finden Sie die sch\u00f6nsten&hellip;","robots":{"index":"index","follow":"follow","max-snippet":"max-snippet:-1","max-image-preview":"max-image-preview:large","max-video-preview":"max-video-preview:-1"},"canonical":"Herzlich willkommen Es gibt verschiedene Gr\u00fcnde, warum die Menschen mit der Eisenbahn fahren. F\u00fcr viele ist es die Faszination der Eisenbahn welche sie reizt. F\u00fcr andere ist es einfach Mittel zum Zweck. Einblicke in die Eisenbahn Auf dieser Seite will ich gerne ein paar Einblicke in die Welt der Eisenbahn geben. finden Sie die sch\u00f6nsten&hellip;","og_locale":"en_US","og_type":"article","og_title":"Die Faszination der Eisenbahn","og_description":"Herzlich willkommen Es gibt verschiedene Gr\u00fcnde, warum die Menschen mit der Eisenbahn fahren. F\u00fcr viele ist es die Faszination der Eisenbahn welche sie reizt. F\u00fcr andere ist es einfach Mittel zum Zweck. Einblicke in die Eisenbahn Auf dieser Seite will ich gerne ein paar Einblicke in die Welt der Eisenbahn geben. finden Sie die sch\u00f6nsten&hellip;","og_url":"https:\/\/die-faszination-der-eisenbahn.revier.ch\/en\/","og_site_name":"Faszination Eisenbahn","article_modified_time":"2026-01-07T23:07:15+00:00","twitter_card":"summary_large_image","twitter_misc":{"Est. reading time":"1 minute"},"schema":{"@context":"https:\/\/schema.org","@graph":[{"@type":"WebPage","@id":"https:\/\/die-faszination-der-eisenbahn.revier.ch\/en\/","url":"https:\/\/die-faszination-der-eisenbahn.revier.ch\/en\/","name":"Die Faszination der Eisenbahn - Faszination Eisenbahn","isPartOf":{"@id":"https:\/\/die-faszination-der-eisenbahn.revier.ch\/#website"},"datePublished":"2023-10-18T07:17:17+00:00","dateModified":"2026-01-07T23:07:15+00:00","breadcrumb":{"@id":"https:\/\/die-faszination-der-eisenbahn.revier.ch\/en\/#breadcrumb"},"inLanguage":"en-US","potentialAction":[{"@type":"ReadAction","target":["https:\/\/die-faszination-der-eisenbahn.revier.ch\/en\/"]}]},{"@type":"BreadcrumbList","@id":"https:\/\/die-faszination-der-eisenbahn.revier.ch\/en\/#breadcrumb","itemListElement":[{"@type":"ListItem","position":1,"name":"Die Faszination der Eisenbahn","item":"https:\/\/die-faszination-der-eisenbahn.revier.ch\/"},{"@type":"ListItem","position":2,"name":"Die Faszination der Eisenbahn"}]},{"@type":"WebSite","@id":"https:\/\/die-faszination-der-eisenbahn.revier.ch\/en\/#website","url":"https:\/\/die-faszination-der-eisenbahn.revier.ch\/en\/","name":"die-faszination-der-eisenbahn","description":"Faszination Eisenbahn","potentialAction":[{"@type":"SearchAction","target":{"@type":"EntryPoint","urlTemplate":"https:\/\/die-faszination-der-eisenbahn.revier.ch\/en\/?s={search_term_string}"},"query-input":{"@type":"PropertyValueSpecification","valueRequired":true,"valueName":"search_term_string"}}],"inLanguage":"en-US"}]}},"_links":{"self":[{"href":"https:\/\/die-faszination-der-eisenbahn.revier.ch\/en\/wp-json\/wp\/v2\/pages\/6","targetHints":{"allow":["GET"]}}],"collection":[{"href":"https:\/\/die-faszination-der-eisenbahn.revier.ch\/en\/wp-json\/wp\/v2\/pages"}],"about":[{"href":"https:\/\/die-faszination-der-eisenbahn.revier.ch\/en\/wp-json\/wp\/v2\/types\/page"}],"author":[{"embeddable":true,"href":"https:\/\/die-faszination-der-eisenbahn.revier.ch\/en\/wp-json\/wp\/v2\/users\/2"}],"replies":[{"embeddable":true,"href":"https:\/\/die-faszination-der-eisenbahn.revier.ch\/en\/wp-json\/wp\/v2\/comments?post=6"}],"version-history":[{"count":4,"href":"https:\/\/die-faszination-der-eisenbahn.revier.ch\/en\/wp-json\/wp\/v2\/pages\/6\/revisions"}],"predecessor-version":[{"id":34,"href":"https:\/\/die-faszination-der-eisenbahn.revier.ch\/en\/wp-json\/wp\/v2\/pages\/6\/revisions\/34"}],"wp:attachment":[{"href":"https:\/\/die-faszination-der-eisenbahn.revier.ch\/en\/wp-json\/wp\/v2\/media?parent=6"}],"curies":[{"name":"wp","href":"https:\/\/api.w.org\/{rel}","templated":true}]}}